{"id":42,"date":"2016-05-14T12:15:21","date_gmt":"2016-05-14T12:15:21","guid":{"rendered":"http:\/\/test.danmarksveteraner.dk\/wordpress\/?page_id=42"},"modified":"2021-06-11T10:59:00","modified_gmt":"2021-06-11T08:59:00","slug":"historie","status":"publish","type":"page","link":"https:\/\/fyn.danmarksveteraner.dk\/wordpress\/?page_id=42","title":{"rendered":"Foreningens historie"},"content":{"rendered":"<p>Det var tidligere FN-soldater, der i gymnastiksalen p\u00e5 Odense kaserne den 9. september 1969 stiftede FN-soldaterforeningen p\u00e5 Fyn til \u00e6re for den velorganiserede indsats af dansk personel i FN&#8217;s fredsbevarende styrker. I dag ben\u00e6vnes foreningen: <strong>DANMARKS VETERANER, FYN<\/strong>.<br \/>\nUddrag af foreningens vedt\u00e6gter:<\/p>\n<p><strong>Foreningens form\u00e5l:<\/strong> At samle hjemsendt og tjenesteg\u00f8rende personel, der har deltaget i fredsst\u00f8ttende (tidligere fredsbevarende og fredsskabende) og humanit\u00e6re missioner for herigennem at styrke og knytte kammeratlige b\u00e5nd blandt medlemmerne. \u00a0At medvirke til oplysning om de aktiviteter af fredsst\u00f8ttende og humanit\u00e6r karakter dansk personel deltager i. At h\u00e6dre afd\u00f8de kammerater p\u00e5 v\u00e6rdig vis. At forvalte de midler der stilles til foreningens r\u00e5dighed. Igennem kammeratst\u00f8tteordningen at hj\u00e6lpe veteraner, som efter hjemkomst fra international tjeneste har behov herfor. Ovenn\u00e6vnte form\u00e5l skal bl.a. s\u00f8ges n\u00e5et ved m\u00f8devirksomhed &#8211; sammenkomster m.m.<\/p>\n<p><strong>Medlemmer:<\/strong> Adgang til at blive medlem af foreningen har enhver, der har gjort eller g\u00f8r tjeneste i fredsst\u00f8ttende og humanit\u00e6re missioner, og har modtaget medalje herfor ( f.eks. FN-medalje, NATO-medalje eller Forsvarets medalje).<\/p>\n","protected":false},"excerpt":{"rendered":"<p>Det var tidligere FN-soldater, der i gymnastiksalen p\u00e5 Odense kaserne den 9. september 1969 stiftede FN-soldaterforeningen p\u00e5 Fyn til \u00e6re<\/p>\n","protected":false},"author":1,"featured_media":25,"parent":73,"menu_order":3,"comment_status":"closed","ping_status":"closed","template":"","meta":{"colormag_page_container_layout":"default_layout","colormag_page_sidebar_layout":"default_layout","footnotes":""},"class_list":["post-42","page","type-page","status-publish","has-post-thumbnail","hentry"],"_links":{"self":[{"href":"https:\/\/fyn.danmarksveteraner.dk\/wordpress\/index.php?rest_route=\/wp\/v2\/pages\/42","targetHints":{"allow":["GET"]}}],"collection":[{"href":"https:\/\/fyn.danmarksveteraner.dk\/wordpress\/index.php?rest_route=\/wp\/v2\/pages"}],"about":[{"href":"https:\/\/fyn.danmarksveteraner.dk\/wordpress\/index.php?rest_route=\/wp\/v2\/types\/page"}],"author":[{"embeddable":true,"href":"https:\/\/fyn.danmarksveteraner.dk\/wordpress\/index.php?rest_route=\/wp\/v2\/users\/1"}],"replies":[{"embeddable":true,"href":"https:\/\/fyn.danmarksveteraner.dk\/wordpress\/index.php?rest_route=%2Fwp%2Fv2%2Fcomments&post=42"}],"version-history":[{"count":5,"href":"https:\/\/fyn.danmarksveteraner.dk\/wordpress\/index.php?rest_route=\/wp\/v2\/pages\/42\/revisions"}],"predecessor-version":[{"id":2520,"href":"https:\/\/fyn.danmarksveteraner.dk\/wordpress\/index.php?rest_route=\/wp\/v2\/pages\/42\/revisions\/2520"}],"up":[{"embeddable":true,"href":"https:\/\/fyn.danmarksveteraner.dk\/wordpress\/index.php?rest_route=\/wp\/v2\/pages\/73"}],"wp:featuredmedia":[{"embeddable":true,"href":"https:\/\/fyn.danmarksveteraner.dk\/wordpress\/index.php?rest_route=\/wp\/v2\/media\/25"}],"wp:attachment":[{"href":"https:\/\/fyn.danmarksveteraner.dk\/wordpress\/index.php?rest_route=%2Fwp%2Fv2%2Fmedia&parent=42"}],"curies":[{"name":"wp","href":"https:\/\/api.w.org\/{rel}","templated":true}]}}