{"id":475,"date":"2016-08-07T17:40:13","date_gmt":"2016-08-07T15:40:13","guid":{"rendered":"http:\/\/fyn.danmarksveteraner.dk\/wordpress\/?page_id=475"},"modified":"2016-08-21T17:38:24","modified_gmt":"2016-08-21T15:38:24","slug":"lokaler","status":"publish","type":"page","link":"https:\/\/fyn.danmarksveteraner.dk\/wordpress\/?page_id=475","title":{"rendered":"Lokaler"},"content":{"rendered":"<h5 style=\"text-align: center;\"><strong>Foreningens lokaler\u00a0er p\u00e5 adressen:<\/strong><\/h5>\n<h5 style=\"text-align: center;\"><em><strong>Svendborgvej 39, 5540 Ullerslev<\/strong><\/em><\/h5>\n<h5 style=\"text-align: center;\">P\u00e5 denne adresse afholdes de m\u00e5nedlige klubm\u00f8der.<\/h5>\n<p><a href=\"http:\/\/fyn.danmarksveteraner.dk\/wordpress\/wp-content\/uploads\/2016\/08\/DBB-Fyn-Lokaler-kort-s.jpg\"><img loading=\"lazy\" decoding=\"async\" class=\"size-thumbnail wp-image-479 aligncenter\" src=\"http:\/\/fyn.danmarksveteraner.dk\/wordpress\/wp-content\/uploads\/2016\/08\/DBB-Fyn-Lokaler-kort-s-150x150.jpg\" alt=\"DBB Fyn Lokaler-kort-s\" width=\"150\" height=\"150\" \/><\/a><\/p>\n<p style=\"text-align: center;\">St\u00f8rre kort:\u00a0Klik p\u00e5 kortet!<\/p>\n<p><a href=\"http:\/\/fyn.danmarksveteraner.dk\/wordpress\/wp-content\/uploads\/2016\/08\/Lokaler-ude.jpg\"><img loading=\"lazy\" decoding=\"async\" class=\"size-full wp-image-474 aligncenter\" src=\"http:\/\/fyn.danmarksveteraner.dk\/wordpress\/wp-content\/uploads\/2016\/08\/Lokaler-ude.jpg\" alt=\"Lokaler ude\" width=\"400\" height=\"300\" srcset=\"https:\/\/fyn.danmarksveteraner.dk\/wordpress\/wp-content\/uploads\/2016\/08\/Lokaler-ude.jpg 400w, https:\/\/fyn.danmarksveteraner.dk\/wordpress\/wp-content\/uploads\/2016\/08\/Lokaler-ude-300x225.jpg 300w\" sizes=\"auto, (max-width: 400px) 100vw, 400px\" \/><\/a>\u00a0\u00a0 <a href=\"http:\/\/fyn.danmarksveteraner.dk\/wordpress\/wp-content\/uploads\/2016\/08\/Lokaler-inde.jpg\"><img loading=\"lazy\" decoding=\"async\" class=\"size-full wp-image-473 aligncenter\" src=\"http:\/\/fyn.danmarksveteraner.dk\/wordpress\/wp-content\/uploads\/2016\/08\/Lokaler-inde.jpg\" alt=\"Lokaler inde\" width=\"400\" height=\"267\" srcset=\"https:\/\/fyn.danmarksveteraner.dk\/wordpress\/wp-content\/uploads\/2016\/08\/Lokaler-inde.jpg 400w, https:\/\/fyn.danmarksveteraner.dk\/wordpress\/wp-content\/uploads\/2016\/08\/Lokaler-inde-300x200.jpg 300w\" sizes=\"auto, (max-width: 400px) 100vw, 400px\" \/><\/a><\/p>\n<p>&nbsp;<\/p>\n<p>&nbsp;<\/p>\n","protected":false},"excerpt":{"rendered":"<p>Foreningens lokaler\u00a0er p\u00e5 adressen: Svendborgvej 39, 5540 Ullerslev P\u00e5 denne adresse afholdes de m\u00e5nedlige klubm\u00f8der. St\u00f8rre kort:\u00a0Klik p\u00e5 kortet! \u00a0\u00a0<\/p>\n","protected":false},"author":2,"featured_media":0,"parent":73,"menu_order":5,"comment_status":"closed","ping_status":"closed","template":"","meta":{"colormag_page_container_layout":"default_layout","colormag_page_sidebar_layout":"default_layout","footnotes":""},"class_list":["post-475","page","type-page","status-publish","hentry"],"_links":{"self":[{"href":"https:\/\/fyn.danmarksveteraner.dk\/wordpress\/index.php?rest_route=\/wp\/v2\/pages\/475","targetHints":{"allow":["GET"]}}],"collection":[{"href":"https:\/\/fyn.danmarksveteraner.dk\/wordpress\/index.php?rest_route=\/wp\/v2\/pages"}],"about":[{"href":"https:\/\/fyn.danmarksveteraner.dk\/wordpress\/index.php?rest_route=\/wp\/v2\/types\/page"}],"author":[{"embeddable":true,"href":"https:\/\/fyn.danmarksveteraner.dk\/wordpress\/index.php?rest_route=\/wp\/v2\/users\/2"}],"replies":[{"embeddable":true,"href":"https:\/\/fyn.danmarksveteraner.dk\/wordpress\/index.php?rest_route=%2Fwp%2Fv2%2Fcomments&post=475"}],"version-history":[{"count":8,"href":"https:\/\/fyn.danmarksveteraner.dk\/wordpress\/index.php?rest_route=\/wp\/v2\/pages\/475\/revisions"}],"predecessor-version":[{"id":932,"href":"https:\/\/fyn.danmarksveteraner.dk\/wordpress\/index.php?rest_route=\/wp\/v2\/pages\/475\/revisions\/932"}],"up":[{"embeddable":true,"href":"https:\/\/fyn.danmarksveteraner.dk\/wordpress\/index.php?rest_route=\/wp\/v2\/pages\/73"}],"wp:attachment":[{"href":"https:\/\/fyn.danmarksveteraner.dk\/wordpress\/index.php?rest_route=%2Fwp%2Fv2%2Fmedia&parent=475"}],"curies":[{"name":"wp","href":"https:\/\/api.w.org\/{rel}","templated":true}]}}