{"id":485,"date":"2016-08-07T19:45:27","date_gmt":"2016-08-07T17:45:27","guid":{"rendered":"http:\/\/fyn.danmarksveteraner.dk\/wordpress\/?page_id=485"},"modified":"2021-05-10T16:44:42","modified_gmt":"2021-05-10T14:44:42","slug":"informationer-for-fyns-medlemmer","status":"publish","type":"page","link":"https:\/\/fyn.danmarksveteraner.dk\/wordpress\/?page_id=485","title":{"rendered":"Informationer for Fyns medlemmer"},"content":{"rendered":"<h1>Tildeling af ny medalje<\/h1>\n<p>(26. februar 2015 09:05 Kilde: Danmarks Veteraner\u00a0)<\/p>\n<p>Det er af\u00a0Forsvarsministeriet bestemt, at der skal tildeles en medalje til alle, der har v\u00e6ret udsendt i international tjeneste i perioden 1948 &#8211; 2009.<br \/>\nForsvaret har derfor behov for, at validere deres oversigt over personel som er berettiget til at modtage medaljen. Derfor skal De Bl\u00e5 Baretter &#8211; Danmarks Internationale Veteranorganisation opfordre alle sine medlemmer, som ikke allerede har modtaget Veterankortet, til at ans\u00f8ge Veterancenteret om et Veterankort. N\u00e5r du har f\u00e5et udleveret et Veterankort, s\u00e5 er du inde i systemet, og skal ikke efterf\u00f8lgende ans\u00f8ge om medaljen.<\/p>\n<h6 style=\"text-align: center;\">Du kan ans\u00f8ge om Veterankortet <a href=\"https:\/\/veterankortet.dk\/\"><b>HER<\/b><\/a> .<\/h6>\n<h4 style=\"text-align: center;\"><strong>***<\/strong><\/h4>\n<h6><strong><span style=\"text-decoration: underline;\"><a href=\"http:\/\/fyn.danmarksveteraner.dk\/wordpress\/wp-content\/uploads\/2016\/08\/Fredsprisnedaljens_olivengren_p\u00e5_medaljeb\u00e5ndet.pdf\">Information om Fredsprisnedaljens olivengren p\u00e5 medaljeb\u00e5ndet<\/a><\/span><\/strong><\/h6>\n<h4 style=\"text-align: center;\">***<\/h4>\n","protected":false},"excerpt":{"rendered":"<p>Tildeling af ny medalje (26. februar 2015 09:05 Kilde: Danmarks Veteraner\u00a0) Det er af\u00a0Forsvarsministeriet bestemt, at der skal tildeles en<\/p>\n","protected":false},"author":2,"featured_media":0,"parent":73,"menu_order":6,"comment_status":"closed","ping_status":"closed","template":"","meta":{"colormag_page_container_layout":"default_layout","colormag_page_sidebar_layout":"default_layout","footnotes":""},"class_list":["post-485","page","type-page","status-publish","hentry"],"_links":{"self":[{"href":"https:\/\/fyn.danmarksveteraner.dk\/wordpress\/index.php?rest_route=\/wp\/v2\/pages\/485","targetHints":{"allow":["GET"]}}],"collection":[{"href":"https:\/\/fyn.danmarksveteraner.dk\/wordpress\/index.php?rest_route=\/wp\/v2\/pages"}],"about":[{"href":"https:\/\/fyn.danmarksveteraner.dk\/wordpress\/index.php?rest_route=\/wp\/v2\/types\/page"}],"author":[{"embeddable":true,"href":"https:\/\/fyn.danmarksveteraner.dk\/wordpress\/index.php?rest_route=\/wp\/v2\/users\/2"}],"replies":[{"embeddable":true,"href":"https:\/\/fyn.danmarksveteraner.dk\/wordpress\/index.php?rest_route=%2Fwp%2Fv2%2Fcomments&post=485"}],"version-history":[{"count":20,"href":"https:\/\/fyn.danmarksveteraner.dk\/wordpress\/index.php?rest_route=\/wp\/v2\/pages\/485\/revisions"}],"predecessor-version":[{"id":2504,"href":"https:\/\/fyn.danmarksveteraner.dk\/wordpress\/index.php?rest_route=\/wp\/v2\/pages\/485\/revisions\/2504"}],"up":[{"embeddable":true,"href":"https:\/\/fyn.danmarksveteraner.dk\/wordpress\/index.php?rest_route=\/wp\/v2\/pages\/73"}],"wp:attachment":[{"href":"https:\/\/fyn.danmarksveteraner.dk\/wordpress\/index.php?rest_route=%2Fwp%2Fv2%2Fmedia&parent=485"}],"curies":[{"name":"wp","href":"https:\/\/api.w.org\/{rel}","templated":true}]}}