{"id":56,"date":"2016-05-14T12:44:45","date_gmt":"2016-05-14T12:44:45","guid":{"rendered":"http:\/\/test.danmarksveteraner.dk\/wordpress\/?page_id=56"},"modified":"2023-05-21T10:31:48","modified_gmt":"2023-05-21T08:31:48","slug":"kontakt-os","status":"publish","type":"page","link":"https:\/\/fyn.danmarksveteraner.dk\/wordpress\/?page_id=56","title":{"rendered":"Kontakt os"},"content":{"rendered":"<p>\u00d8nsker du at melde dig ind i Danmarks Veteraner, \u00e6ndre dine kontaktoplysninger som medlem eller komme i kontakt med landsforeningen, s\u00e5 er der nogle nyttige links herunder.<\/p>\n<ul>\n<li>\n<h6><a href=\"http:\/\/danmarksveteraner.dk\/wordpress\/?page_id=617\" target=\"_blank\" rel=\"noopener\">Kontakt til landsforeningen<\/a><\/h6>\n<\/li>\n<\/ul>\n","protected":false},"excerpt":{"rendered":"<p>\u00d8nsker du at melde dig ind i Danmarks Veteraner, \u00e6ndre dine kontaktoplysninger som medlem eller komme i kontakt med landsforeningen,<\/p>\n","protected":false},"author":1,"featured_media":0,"parent":0,"menu_order":6,"comment_status":"closed","ping_status":"closed","template":"","meta":{"colormag_page_container_layout":"default_layout","colormag_page_sidebar_layout":"default_layout","footnotes":""},"class_list":["post-56","page","type-page","status-publish","hentry"],"_links":{"self":[{"href":"https:\/\/fyn.danmarksveteraner.dk\/wordpress\/index.php?rest_route=\/wp\/v2\/pages\/56","targetHints":{"allow":["GET"]}}],"collection":[{"href":"https:\/\/fyn.danmarksveteraner.dk\/wordpress\/index.php?rest_route=\/wp\/v2\/pages"}],"about":[{"href":"https:\/\/fyn.danmarksveteraner.dk\/wordpress\/index.php?rest_route=\/wp\/v2\/types\/page"}],"author":[{"embeddable":true,"href":"https:\/\/fyn.danmarksveteraner.dk\/wordpress\/index.php?rest_route=\/wp\/v2\/users\/1"}],"replies":[{"embeddable":true,"href":"https:\/\/fyn.danmarksveteraner.dk\/wordpress\/index.php?rest_route=%2Fwp%2Fv2%2Fcomments&post=56"}],"version-history":[{"count":6,"href":"https:\/\/fyn.danmarksveteraner.dk\/wordpress\/index.php?rest_route=\/wp\/v2\/pages\/56\/revisions"}],"predecessor-version":[{"id":7053,"href":"https:\/\/fyn.danmarksveteraner.dk\/wordpress\/index.php?rest_route=\/wp\/v2\/pages\/56\/revisions\/7053"}],"wp:attachment":[{"href":"https:\/\/fyn.danmarksveteraner.dk\/wordpress\/index.php?rest_route=%2Fwp%2Fv2%2Fmedia&parent=56"}],"curies":[{"name":"wp","href":"https:\/\/api.w.org\/{rel}","templated":true}]}}